{"id":82,"date":"2020-04-22T09:23:02","date_gmt":"2020-04-22T09:23:02","guid":{"rendered":"https:\/\/infirmier-calabuig-ronald.fr\/?page_id=82"},"modified":"2020-04-22T15:32:40","modified_gmt":"2020-04-22T15:32:40","slug":"presentation","status":"publish","type":"page","link":"https:\/\/infirmier-calabuig-ronald.fr\/","title":{"rendered":"Pr\u00e9sentation"},"content":{"rendered":"\n<div class=\"alignnormal\"><div id=\"metaslider-id-57\" style=\"width: 100%;\" class=\"ml-slider-3-108-0 metaslider metaslider-flex metaslider-57 ml-slider has-dots-nav ms-theme-default\" role=\"region\" aria-label=\"Nouveau diaporama\" data-height=\"150\" data-width=\"700\">\n    <div id=\"metaslider_container_57\">\n        <div id=\"metaslider_57\">\n            <ul class='slides'>\n                <li style=\"display: block; width: 100%;\" class=\"slide-67 ms-image \" aria-roledescription=\"slide\" data-date=\"2020-04-22 08:30:17\" data-filename=\"tension_professionnelle-700x150.png\" data-slide-type=\"image\"><img loading=\"lazy\" decoding=\"async\" src=\"https:\/\/infirmier-calabuig-ronald.fr\/wp-content\/uploads\/2026\/05\/tension_professionnelle-700x150.png\" height=\"150\" width=\"700\" alt=\"\" class=\"slider-57 slide-67 msDefaultImage\" title=\"tension_professionnelle\" \/><\/li>\n                <li style=\"display: none; width: 100%;\" class=\"slide-68 ms-image \" aria-roledescription=\"slide\" data-date=\"2020-04-22 08:30:17\" data-filename=\"pansement_professionnel-700x150.png\" data-slide-type=\"image\"><img loading=\"lazy\" decoding=\"async\" src=\"https:\/\/infirmier-calabuig-ronald.fr\/wp-content\/uploads\/2026\/05\/pansement_professionnel-700x150.png\" height=\"150\" width=\"700\" alt=\"\" class=\"slider-57 slide-68 msDefaultImage\" title=\"pansement_professionnel\" \/><\/li>\n                <li style=\"display: none; width: 100%;\" class=\"slide-71 ms-image \" aria-roledescription=\"slide\" data-date=\"2020-04-22 08:30:17\" data-filename=\"nettoyage_professionnel-700x150.png\" data-slide-type=\"image\"><img loading=\"lazy\" decoding=\"async\" src=\"https:\/\/infirmier-calabuig-ronald.fr\/wp-content\/uploads\/2026\/05\/nettoyage_professionnel-700x150.png\" height=\"150\" width=\"700\" alt=\"\" class=\"slider-57 slide-71 msDefaultImage\" title=\"nettoyage_professionnel\" \/><\/li>\n                <li style=\"display: none; width: 100%;\" class=\"slide-72 ms-image \" aria-roledescription=\"slide\" data-date=\"2020-04-22 08:30:18\" data-filename=\"bandage-scaled-700x150.jpg\" data-slide-type=\"image\"><img loading=\"lazy\" decoding=\"async\" src=\"https:\/\/infirmier-calabuig-ronald.fr\/wp-content\/uploads\/2026\/05\/bandage-scaled-700x150.jpg\" height=\"150\" width=\"700\" alt=\"\" class=\"slider-57 slide-72 msDefaultImage\" title=\"bandage\" \/><\/li>\n                <li style=\"display: none; width: 100%;\" class=\"slide-73 ms-image \" aria-roledescription=\"slide\" data-date=\"2020-04-22 08:30:18\" data-filename=\"prise-de-sang-700x150.png\" data-slide-type=\"image\"><img loading=\"lazy\" decoding=\"async\" src=\"https:\/\/infirmier-calabuig-ronald.fr\/wp-content\/uploads\/2026\/05\/prise-de-sang-700x150.png\" height=\"150\" width=\"700\" alt=\"\" class=\"slider-57 slide-73 msDefaultImage\" title=\"prise de sang\" \/><\/li>\n                <li style=\"display: none; width: 100%;\" class=\"slide-74 ms-image \" aria-roledescription=\"slide\" data-date=\"2020-04-22 08:30:18\" data-filename=\"accompagnement_professionnel-700x150.png\" data-slide-type=\"image\"><img loading=\"lazy\" decoding=\"async\" src=\"https:\/\/infirmier-calabuig-ronald.fr\/wp-content\/uploads\/2026\/05\/accompagnement_professionnel-700x150.png\" height=\"150\" width=\"700\" alt=\"\" class=\"slider-57 slide-74 msDefaultImage\" title=\"accompagnement_professionnel\" \/><\/li>\n                <li style=\"display: none; width: 100%;\" class=\"slide-241 ms-image \" aria-roledescription=\"slide\" data-date=\"2026-05-02 11:39:08\" data-filename=\"injection-vaccin-700x150.png\" data-slide-type=\"image\"><img loading=\"lazy\" decoding=\"async\" src=\"https:\/\/infirmier-calabuig-ronald.fr\/wp-content\/uploads\/2026\/05\/injection-vaccin-700x150.png\" height=\"150\" width=\"700\" alt=\"\" class=\"slider-57 slide-241 msDefaultImage\" title=\"injection vaccin\" \/><\/li>\n                <li style=\"display: none; width: 100%;\" class=\"slide-251 ms-image \" aria-roledescription=\"slide\" data-date=\"2026-05-02 13:02:13\" data-filename=\"pince-2-700x150.png\" data-slide-type=\"image\"><img loading=\"lazy\" decoding=\"async\" src=\"https:\/\/infirmier-calabuig-ronald.fr\/wp-content\/uploads\/2026\/05\/pince-2-700x150.png\" height=\"150\" width=\"700\" alt=\"\" class=\"slider-57 slide-251 msDefaultImage\" title=\"pince 2\" \/><\/li>\n            <\/ul>\n        <\/div>\n        \n    <\/div>\n<\/div><\/div>\n\n\n\n<h2 class=\"wp-block-heading\">CALABUIG Ronald &#8211; Infirmier sur Istres (13800)<\/h2>\n\n\n\n<p style=\"color:#000000\" class=\"has-text-color\"><strong><span style=\"color:#000000\" class=\"has-inline-color\">Infirmier lib\u00e9ral dipl\u00f4m\u00e9 d&rsquo;Etat<\/span><\/strong><\/p>\n\n\n\n<p style=\"color:#000000\" class=\"has-text-color\"><span style=\"color:#000000\" class=\"has-inline-color\">Je suis&nbsp;\u00e0 votre disposition pour vous prodiguer les diff\u00e9rents soins infirmiers&nbsp;sur prescription m\u00e9dicale \u00e0 votre domicile.<\/span><\/p>\n\n\n\n<p style=\"color:#000000\" class=\"has-text-color\"><span style=\"color:#000000\" class=\"has-inline-color\">Les soins au cabinet seront uniquement sur rendez-vous.<\/span><\/p>\n\n\n\n<p style=\"color:#000000\" class=\"has-text-color\">Je collabore avec Mme Montarges Morgane, ensemble nous vous accompagnons dans votre prise en charge.<\/p>\n\n\n\n<p style=\"color:#000000\" class=\"has-text-color\"><span style=\"color:#000000\" class=\"has-inline-color\">N&rsquo;h\u00e9sitez pas \u00e0 nous contacter, nos coordonn\u00e9es sont dans la rubrique <a href=\"https:\/\/infirmier-calabuig-ronald.fr\/?page_id=44\">contact<\/a> du site.<\/span><\/p>\n\n\n\n<p style=\"color:#000000\" class=\"has-text-color\">Conform\u00e9ment \u00e0 L&rsquo;article R.4311-3 du code de sant\u00e9 publique, nous nous effor\u00e7ons d&rsquo;exercer dans les meilleures conditions nos comp\u00e9tences dans notre r\u00f4le propre et notre r\u00f4le m\u00e9dico-d\u00e9l\u00e9gu\u00e9.<\/p>\n\n\n\n<p style=\"color:#000000\" class=\"has-text-color\">Nous sommes membres de l&rsquo;ONI (Ordre National Infirmier).<\/p>\n\n\n\n<div class=\"wp-block-image\"><figure class=\"aligncenter size-large is-resized\"><img loading=\"lazy\" decoding=\"async\" src=\"https:\/\/infirmier-calabuig-ronald.fr\/wp-content\/uploads\/2019\/01\/ONI-logo_Quadri-945x1024.jpg\" alt=\"\" class=\"wp-image-18\" width=\"106\" height=\"110\"\/><figcaption><a href=\"https:\/\/www.ordre-infirmiers.fr\/\" target=\"_blank\" rel=\"noreferrer noopener\">Lien vers le site de l&rsquo;ordre national infirmier<\/a><\/figcaption><\/figure><\/div>\n\n\n\n<p><\/p>\n","protected":false},"excerpt":{"rendered":"<p>CALABUIG Ronald &#8211; Infirmier sur Istres (13800) Infirmier lib\u00e9ral dipl\u00f4m\u00e9 d&rsquo;Etat Je suis&nbsp;\u00e0 votre disposition pour vous prodiguer les diff\u00e9rents soins infirmiers&nbsp;sur prescription m\u00e9dicale \u00e0 votre domicile. Les soins au cabinet seront uniquement sur rendez-vous. Je collabore avec Mme Montarges Morgane, ensemble nous vous accompagnons dans votre prise en charge. N&rsquo;h\u00e9sitez pas \u00e0 nous contacter, [&hellip;]<\/p>\n","protected":false},"author":1,"featured_media":0,"parent":0,"menu_order":1,"comment_status":"closed","ping_status":"closed","template":"","meta":{"jetpack_post_was_ever_published":false,"footnotes":""},"class_list":["post-82","page","type-page","status-publish","hentry"],"jetpack_sharing_enabled":true,"jetpack_shortlink":"https:\/\/wp.me\/PaCt1Z-1k","_links":{"self":[{"href":"https:\/\/infirmier-calabuig-ronald.fr\/index.php?rest_route=\/wp\/v2\/pages\/82","targetHints":{"allow":["GET"]}}],"collection":[{"href":"https:\/\/infirmier-calabuig-ronald.fr\/index.php?rest_route=\/wp\/v2\/pages"}],"about":[{"href":"https:\/\/infirmier-calabuig-ronald.fr\/index.php?rest_route=\/wp\/v2\/types\/page"}],"author":[{"embeddable":true,"href":"https:\/\/infirmier-calabuig-ronald.fr\/index.php?rest_route=\/wp\/v2\/users\/1"}],"replies":[{"embeddable":true,"href":"https:\/\/infirmier-calabuig-ronald.fr\/index.php?rest_route=%2Fwp%2Fv2%2Fcomments&post=82"}],"version-history":[{"count":13,"href":"https:\/\/infirmier-calabuig-ronald.fr\/index.php?rest_route=\/wp\/v2\/pages\/82\/revisions"}],"predecessor-version":[{"id":136,"href":"https:\/\/infirmier-calabuig-ronald.fr\/index.php?rest_route=\/wp\/v2\/pages\/82\/revisions\/136"}],"wp:attachment":[{"href":"https:\/\/infirmier-calabuig-ronald.fr\/index.php?rest_route=%2Fwp%2Fv2%2Fmedia&parent=82"}],"curies":[{"name":"wp","href":"https:\/\/api.w.org\/{rel}","templated":true}]}}